{"id":2771,"date":"2026-02-26T23:08:47","date_gmt":"2026-02-27T05:08:47","guid":{"rendered":"https:\/\/ruedasyrodajasdelnorte.com\/tienda\/nosotros-copy\/"},"modified":"2026-02-27T00:01:49","modified_gmt":"2026-02-27T06:01:49","slug":"nosotros","status":"publish","type":"page","link":"https:\/\/ruedasyrodajasdelnorte.com\/tienda\/nosotros\/","title":{"rendered":"Nosotros"},"content":{"rendered":"<body>\n\t<div id=\"gap-879055793\" class=\"gap-element clearfix\" style=\"display:block; height:auto;\">\n\t\t\n<style>\n#gap-879055793 {\n  padding-top: 50px;\n}\n<\/style>\n\t<\/div>\n\t\n\n<h1 class=\"uppercase\" style=\"text-align: center\"><span style=\"font-size: 120%\">SOBRE NOSOTROS<\/span><\/h1>\n\t<div id=\"gap-2030717559\" class=\"gap-element clearfix\" style=\"display:block; height:auto;\">\n\t\t\n<style>\n#gap-2030717559 {\n  padding-top: 20px;\n}\n<\/style>\n\t<\/div>\n\t\n\n<div class=\"row\"  id=\"row-18507040\">\n\n\n\t<div id=\"col-1233975989\" class=\"col medium-1 small-12 large-1\"  >\n\t\t<div class=\"col-inner\"  >\n\t\t\t\n\t\t\t\n\n\n\t\t<\/div>\n\t\t\t<\/div>\n\n\t\n\n\t<div id=\"col-1696873911\" class=\"col medium-10 small-12 large-10\"  >\n\t\t<div class=\"col-inner\"  >\n\t\t\t\n\t\t\t\n\n<div id=\"column-wrap-id-f84f4ff6-2599-4b17-b38f-0636edd33eeb\" class=\"sppb-col-md-5\">\n<div id=\"column-id-f84f4ff6-2599-4b17-b38f-0636edd33eeb\" class=\"sppb-columnlt-intro-sub sppb-wow fadeInDown sppb-animated\" data-sppb-wow-duration=\"500ms\" data-sppb-wow-delay=\"500ms\">\n<div class=\"sppb-column-addons\">\n<div id=\"sppb-addon-wrapper-7b13ef75-15bf-45ec-ba68-c68bb226fd8d\" class=\"sppb-addon-wrapperaddon-root-text-block\">\n<div id=\"sppb-addon-7b13ef75-15bf-45ec-ba68-c68bb226fd8d\" class=\"clearfixsppb-wow fadeInDownsppb-animated\" data-sppb-wow-duration=\"300ms\">\n<div class=\"sppb-addon sppb-addon-text-block \">\n<h3 class=\"sppb-addon-title\">Nuestra empresa (Historia)<\/h3>\n<div class=\"sppb-addon-content\">\n<p>Ruedas y Rodajas del Norte, S.A. de C.V nace en 1986 en la ciudad de Monterrey con el firme prop\u00f3sito de ser una empresa l\u00edder en la comercializaci\u00f3n de ruedas, rodajas y llantas para montacargas.<\/p>\n<p>En el a\u00f1o 2007 una empresa de talla global adquiere la divisi\u00f3n de la empresa especializada en llantas de montacargas y es cuando nace Ruedas y Rodajas del Norte, S.A. de C.V para continuar atendiendo las necesidades de rodamiento de sus clientes.<\/p>\n<\/div>\n<\/div>\n<\/div>\n<\/div>\n<hr>\n<h3><span style=\"font-size: 20.16px\">Misi\u00f3n<\/span><\/h3>\n<div id=\"sppb-addon-wrapper-7b13ef75-15bf-45ec-ba68-c68bb226fd8d\" class=\"sppb-addon-wrapperaddon-root-text-block\">\n<div id=\"sppb-addon-7b13ef75-15bf-45ec-ba68-c68bb226fd8d\" class=\"clearfixsppb-wow fadeInDownsppb-animated\" data-sppb-wow-duration=\"300ms\">\n<div class=\"sppb-addon sppb-addon-text-block \">\n<div id=\"column-wrap-id-24364ed7-3c69-4422-b2d8-83b2a015e94f\" class=\"sppb-col-md-5\">\n<div id=\"column-id-24364ed7-3c69-4422-b2d8-83b2a015e94f\" class=\"sppb-columnlt-intro-sub sppb-wow fadeInDown sppb-animated\" data-sppb-wow-duration=\"500ms\" data-sppb-wow-delay=\"500ms\">\n<div class=\"sppb-column-addons\">\n<div id=\"sppb-addon-wrapper-c49c45be-96b5-47fe-957a-649bc58e4f74\" class=\"sppb-addon-wrapperaddon-root-text-block\">\n<div id=\"sppb-addon-c49c45be-96b5-47fe-957a-649bc58e4f74\" class=\"clearfixsppb-wow fadeInDownsppb-animated\" data-sppb-wow-duration=\"300ms\">\n<div class=\"sppb-addon sppb-addon-text-block \">\n<div class=\"sppb-addon-content\">\n<p><span style=\"color: #000000\">Satisfacer las necesidades de movimiento de objetos de nuestros clientes proporcion\u00e1ndoles ruedas y rodajas de la mejor calidad, a precios competitivos y siempre con una atenci\u00f3n personalizada y respetuosa.<\/span><\/p>\n<hr><\/div>\n<div id=\"column-wrap-id-0a3744a1-c535-496f-a0c6-57c100d7c5e2\" class=\"sppb-col-md-4\">\n<div id=\"column-id-0a3744a1-c535-496f-a0c6-57c100d7c5e2\" class=\"sppb-columnlt-intro-sub sppb-wow fadeInDown sppb-animated\" data-sppb-wow-duration=\"500ms\" data-sppb-wow-delay=\"500ms\">\n<div class=\"sppb-column-addons\">\n<div id=\"sppb-addon-wrapper-6301a558-74b0-44a6-acb1-967dcea532cd\" class=\"sppb-addon-wrapperaddon-root-text-block\">\n<div id=\"sppb-addon-6301a558-74b0-44a6-acb1-967dcea532cd\" class=\"clearfixsppb-wow fadeInDownsppb-animated\" data-sppb-wow-duration=\"300ms\">\n<div class=\"sppb-addon sppb-addon-text-block \">\n<h3 class=\"sppb-addon-title\">Ruedas y Rodajas del Norte<\/h3>\n<div class=\"sppb-addon-content\">\n<p><span style=\"color: #000000\">En Ruedas y Rodajas del Norte manejamos todo tipo de ruedas, rodajas y rodillos para aplicaciones tan variadas como muebles, diablitos, andamios, carritos de supermercado, carritos transportadores, camas m\u00e9dicas y patines hidr\u00e1ulicos. Tenemos en existencia rodajas desde 1 \u00bd\u201d hasta ruedas de 16\u201d de di\u00e1metro con diferentes capacidades de carga y de variados materiales. Contamos con un equipo de expertos que podr\u00e1 asesorarte sobre cu\u00e1l es la mejor opci\u00f3n para cubrir tus necesidades de rodamiento.<\/span><\/p>\n<\/div>\n<\/div>\n<\/div>\n<\/div>\n<\/div>\n<\/div>\n<\/div>\n<\/div>\n<\/div>\n<\/div>\n<\/div>\n<\/div>\n<\/div>\n<\/div>\n<\/div>\n<\/div>\n<\/div>\n<\/div>\n<\/div>\n\t<div class=\"img has-hover x md-x lg-x y md-y lg-y\" id=\"image_2060528731\">\n\t\t\t\t\t\t\t\t<div class=\"img-inner dark\" >\n\t\t\t\t\t\t\t\t\t\n\t\t\t\t\t<\/div>\n\t\t\t\t\t\t\t\t\n<style>\n#image_2060528731 {\n  width: 100%;\n}\n<\/style>\n\t<\/div>\n\t\n\n\n\t\t<\/div>\n\t\t\t<\/div>\n\n\t\n\n\t<div id=\"col-143601587\" class=\"col medium-1 small-12 large-1\"  >\n\t\t<div class=\"col-inner\"  >\n\t\t\t\n\t\t\t\n\n\n\t\t<\/div>\n\t\t\t<\/div>\n\n\t\n\n<\/div>\n\t<div id=\"gap-1946534104\" class=\"gap-element clearfix\" style=\"display:block; height:auto;\">\n\t\t\n<style>\n#gap-1946534104 {\n  padding-top: 50px;\n}\n<\/style>\n\t<\/div>\n\t\n<\/body>","protected":false},"excerpt":{"rendered":"<p>SOBRE NOSOTROS<\/p>\n","protected":false},"author":1,"featured_media":14,"parent":0,"menu_order":0,"comment_status":"closed","ping_status":"closed","template":"page-blank.php","meta":{"_joinchat":[],"footnotes":""},"class_list":["post-2771","page","type-page","status-publish","has-post-thumbnail","hentry"],"jetpack_sharing_enabled":true,"_links":{"self":[{"href":"https:\/\/ruedasyrodajasdelnorte.com\/tienda\/wp-json\/wp\/v2\/pages\/2771","targetHints":{"allow":["GET"]}}],"collection":[{"href":"https:\/\/ruedasyrodajasdelnorte.com\/tienda\/wp-json\/wp\/v2\/pages"}],"about":[{"href":"https:\/\/ruedasyrodajasdelnorte.com\/tienda\/wp-json\/wp\/v2\/types\/page"}],"author":[{"embeddable":true,"href":"https:\/\/ruedasyrodajasdelnorte.com\/tienda\/wp-json\/wp\/v2\/users\/1"}],"replies":[{"embeddable":true,"href":"https:\/\/ruedasyrodajasdelnorte.com\/tienda\/wp-json\/wp\/v2\/comments?post=2771"}],"version-history":[{"count":1,"href":"https:\/\/ruedasyrodajasdelnorte.com\/tienda\/wp-json\/wp\/v2\/pages\/2771\/revisions"}],"predecessor-version":[{"id":2815,"href":"https:\/\/ruedasyrodajasdelnorte.com\/tienda\/wp-json\/wp\/v2\/pages\/2771\/revisions\/2815"}],"wp:featuredmedia":[{"embeddable":true,"href":"https:\/\/ruedasyrodajasdelnorte.com\/tienda\/wp-json\/wp\/v2\/media\/14"}],"wp:attachment":[{"href":"https:\/\/ruedasyrodajasdelnorte.com\/tienda\/wp-json\/wp\/v2\/media?parent=2771"}],"curies":[{"name":"wp","href":"https:\/\/api.w.org\/{rel}","templated":true}]}}