{"id":1426,"date":"2021-03-16T20:22:19","date_gmt":"2021-03-17T02:22:19","guid":{"rendered":"https:\/\/ruedasyrodajasdelnorte.com\/tienda\/?page_id=1426"},"modified":"2024-03-23T21:10:40","modified_gmt":"2024-03-24T03:10:40","slug":"aviso-de-privacidad","status":"publish","type":"page","link":"https:\/\/ruedasyrodajasdelnorte.com\/tienda\/aviso-de-privacidad\/","title":{"rendered":"Aviso de Privacidad"},"content":{"rendered":"<body>\n<h2>Aviso de Privacidad<\/h2>\n<p>Con fundamento en los art\u00edculos 15 y 16 de la Ley Federal de Protecci\u00f3n de Datos Personales en Posesi\u00f3n de Particulares hacemos de su conocimiento que XXXXX con domicilio XXXXX # XXX, Col. XXXXX, Monterrey, N.L., C.P. 6XXXX es responsable de recabar sus datos personales, del uso que se le d\u00e9 a los mismos y de su protecci\u00f3n.<\/p>\n<p>Nos puede contactar v\u00eda correo electr\u00f3nico: privacidad@topqualitymty.com<\/p>\n<p><strong>TRATAMIENTO<\/strong><\/p>\n<p>Sus datos personales ser\u00e1n utilizados para una, algunas o todas de las siguientes finalidades:<\/p>\n<ul>\n<li>Proveer servicios y productos requeridos<\/li>\n<li>Informar sobre nuevos productos o servicios que est\u00e9n relacionados con el contratado o adquirido por el cliente<\/li>\n<li>Dar cumplimiento a obligaciones contra\u00eddas con nuestros clientes<\/li>\n<li>Brindar soporte o apoyo operativo<\/li>\n<li>Informar sobre cambios de nuestros productos o servicios<\/li>\n<li>Evaluar la calidad del servicio<\/li>\n<li>Realizar estudios internos sobre h\u00e1bitos de consumo<\/li>\n<\/ul>\n<p>Para las finalidades se\u00f1aladas en el presente aviso de privacidad, podemos recabar sus datos personales de distintas formas: cuando usted nos los proporciona directamente; cuando visita nuestro sitio de Internet o utiliza nuestros servicios en l\u00ednea, y cuando obtenemos informaci\u00f3n a trav\u00e9s de otras fuentes que est\u00e1n permitidas por la ley.<\/p>\n<p><strong>DATOS PERSONALES<\/strong><\/p>\n<p>Podremos recabar uno, alguno o todos de los siguientes datos personales ya sea de forma directa, a trav\u00e9s de nuestros sitios de Internet, servicios en l\u00ednea o por cualquier otra fuente que est\u00e9 permitida por la ley:<\/p>\n<ul>\n<li>Nombre completo<\/li>\n<li>Correo electr\u00f3nico<\/li>\n<li>Tel\u00e9fono<\/li>\n<li>Celular<\/li>\n<li>Fax<\/li>\n<li>Domicilio<\/li>\n<li>Fecha de Nacimiento<\/li>\n<li>RFC<\/li>\n<\/ul>\n<p>En caso de no contar con esta informaci\u00f3n no estar\u00edamos en posibilidad de brindarle capacitaci\u00f3n y soporte, mejorar nuestro servicio y atenci\u00f3n al cliente, as\u00ed como el enterarlo de noticias, novedades, promociones, productos y servicios que puedan ser de su inter\u00e9s.<\/p>\n<p><strong>Acceso, rectificaci\u00f3n, cancelaci\u00f3n y oposici\u00f3n<\/strong><\/p>\n<p>Usted tiene el derecho de acceder a sus datos personales que poseemos y a los detalles del tratamiento de los mismos, as\u00ed como a rectificarlos en caso de ser inexactos o instruirnos cancelarlos cuando considere que resulten ser excesivos o innecesarios para las finalidades que justificaron su obtenci\u00f3n u oponerse al tratamiento de los mismos para fines espec\u00edficos.<\/p>\n<p>Los mecanismos que se han implementado para el ejercicio de dichos derechos son a trav\u00e9s de la presentaci\u00f3n de la solicitud respectiva en:<\/p>\n<ul>\n<li>Nuestro\u00a0<strong>Departamento de Seguridad de Tecnolog\u00edas de la Informaci\u00f3n<\/strong> ubicado XXXXX # XXX, Col. XXXXX, Monterrey, N.L., C.P. 6XXXX.<\/li>\n<li>Para mayor informaci\u00f3n, favor de comunicarse con el Departamento de Seguridad de Informaci\u00f3n al +52 81-1531-4219<\/li>\n<\/ul>\n<p>En todo momento usted podr\u00e1 revocar el consentimiento que nos ha otorgado para el tratamiento de sus datos personales, a fin de que dejemos de hacer uso de los mismos. Para ello, es necesario que presente su petici\u00f3n a la siguiente direcci\u00f3n XXXXX # XXX, Col. XXXXX, San Pedro Garza Garc\u00eda, N.L., C.P. 6XXXX con una identificaci\u00f3n oficial como Credencial de Elector, Pasaporte, entre otros.<\/p>\n<p>Su petici\u00f3n deber\u00e1 ir acompa\u00f1ada de la siguiente informaci\u00f3n:<\/p>\n<ul>\n<li>Los documentos que acrediten la identidad o, en su caso, la representaci\u00f3n legal del titular, pueden ser credencial de elector, pasaporte, entre otros;<\/li>\n<li>Documento con el nombre del titular, correo electr\u00f3nico o en caso de no contar con uno, alg\u00fan tel\u00e9fono para comunicarle la respuesta a su solicitud. As\u00ed tambi\u00e9n el documento deber\u00e1 contener la descripci\u00f3n clara y precisa de los datos personales respecto de los que se busca ejercer alguno de los derechos antes mencionados, y<\/li>\n<li>Cualquier otro elemento o documento que facilite la localizaci\u00f3n de los datos personales.<\/li>\n<\/ul>\n<p>Tendremos un plazo m\u00e1ximo de 20 d\u00edas para atender su petici\u00f3n y le informaremos sobre la procedencia de la misma al tel\u00e9fono y\/o direcci\u00f3n de correo electr\u00f3nica que nos haya indicado.<\/p>\n<p><strong>Mensajes promocionales<\/strong><\/p>\n<p>Usted puede dejar de recibir correos electr\u00f3nicos con boletines informativos, solo debe enviar desde el correo que desee sea eliminado privacidad@topqualitymty.com con el siguiente t\u00edtulo: \u201cEliminar bolet\u00edn informativo\u201d. Despu\u00e9s de un lapso de 20 d\u00edas usted ya no recibir\u00e1 boletines informativos.<\/p>\n<p><strong>Cambios en el aviso de privacidad<\/strong><\/p>\n<p>Nos reservamos el derecho de efectuar en cualquier momento modificaciones o actualizaciones al presente aviso de privacidad, para la atenci\u00f3n de novedades legislativas o jurisprudenciales, pol\u00edticas internas, nuevos requerimientos para la prestaci\u00f3n u ofrecimiento de nuestros servicios o productos y pr\u00e1cticas del mercado.<\/p>\n<p>Estas modificaciones estar\u00e1n disponibles al p\u00fablico a trav\u00e9s de nuestra p\u00e1gina de Internet.<\/p>\n<p>La fecha de la \u00faltima actualizaci\u00f3n al presente aviso de privacidad: 01\/01\/2024.<\/p>\n\n<\/body>","protected":false},"excerpt":{"rendered":"<p>Aviso de Privacidad Con fundamento en los art\u00edculos 15 y 16 de la Ley Federal de Protecci\u00f3n de Datos Personales en Posesi\u00f3n de Particulares hacemos de su conocimiento que XXXXX con domicilio XXXXX # XXX, Col. XXXXX, Monterrey, N.L., C.P. 6XXXX es responsable de recabar sus datos personales, del uso que se le d\u00e9 a [&#8230;]\n","protected":false},"author":1,"featured_media":0,"parent":0,"menu_order":0,"comment_status":"closed","ping_status":"closed","template":"","meta":{"_joinchat":[],"footnotes":""},"class_list":["post-1426","page","type-page","status-publish","hentry"],"jetpack_sharing_enabled":true,"_links":{"self":[{"href":"https:\/\/ruedasyrodajasdelnorte.com\/tienda\/wp-json\/wp\/v2\/pages\/1426","targetHints":{"allow":["GET"]}}],"collection":[{"href":"https:\/\/ruedasyrodajasdelnorte.com\/tienda\/wp-json\/wp\/v2\/pages"}],"about":[{"href":"https:\/\/ruedasyrodajasdelnorte.com\/tienda\/wp-json\/wp\/v2\/types\/page"}],"author":[{"embeddable":true,"href":"https:\/\/ruedasyrodajasdelnorte.com\/tienda\/wp-json\/wp\/v2\/users\/1"}],"replies":[{"embeddable":true,"href":"https:\/\/ruedasyrodajasdelnorte.com\/tienda\/wp-json\/wp\/v2\/comments?post=1426"}],"version-history":[{"count":6,"href":"https:\/\/ruedasyrodajasdelnorte.com\/tienda\/wp-json\/wp\/v2\/pages\/1426\/revisions"}],"predecessor-version":[{"id":2370,"href":"https:\/\/ruedasyrodajasdelnorte.com\/tienda\/wp-json\/wp\/v2\/pages\/1426\/revisions\/2370"}],"wp:attachment":[{"href":"https:\/\/ruedasyrodajasdelnorte.com\/tienda\/wp-json\/wp\/v2\/media?parent=1426"}],"curies":[{"name":"wp","href":"https:\/\/api.w.org\/{rel}","templated":true}]}}